{"id":1235,"date":"2025-02-20T21:41:22","date_gmt":"2025-02-20T20:41:22","guid":{"rendered":"https:\/\/restoquebueno.be\/?page_id=1235"},"modified":"2025-02-21T00:40:28","modified_gmt":"2025-02-20T23:40:28","slug":"service-traiteur","status":"publish","type":"page","link":"https:\/\/restoquebueno.be\/?page_id=1235","title":{"rendered":"Service traiteur"},"content":{"rendered":"\t\t<div data-elementor-type=\"wp-page\" data-elementor-id=\"1235\" class=\"elementor elementor-1235\" data-elementor-post-type=\"page\">\n\t\t\t\t\t\t<section class=\"elementor-section elementor-top-section elementor-element elementor-element-f419282 elementor-section-boxed elementor-section-height-default elementor-section-height-default\" data-id=\"f419282\" data-element_type=\"section\" data-e-type=\"section\">\n\t\t\t\t\t\t<div class=\"elementor-container elementor-column-gap-default\">\n\t\t\t\t\t<div class=\"elementor-column elementor-col-100 elementor-top-column elementor-element elementor-element-cee29d6\" data-id=\"cee29d6\" data-element_type=\"column\" data-e-type=\"column\">\n\t\t\t<div class=\"elementor-widget-wrap elementor-element-populated\">\n\t\t\t\t\t\t<div class=\"elementor-element elementor-element-a43a6d1 elementor-widget elementor-widget-text-editor\" data-id=\"a43a6d1\" data-element_type=\"widget\" data-e-type=\"widget\" data-widget_type=\"text-editor.default\">\n\t\t\t\t<div class=\"elementor-widget-container\">\n\t\t\t\t\t\t\t\t\t<h3 data-start=\"129\" data-end=\"473\"><strong data-start=\"129\" data-end=\"184\">Service Traiteur Pa\u00eblla &amp; Tapas pour vos \u00c9v\u00e9nements<\/strong><\/h3><p data-start=\"129\" data-end=\"473\">Faites de votre \u00e9v\u00e9nement un moment inoubliable avec notre service traiteur sp\u00e9cialis\u00e9 en Paella et Tapas ! Que ce soit pour un mariage, une f\u00eate d&rsquo;entreprise, ou toute autre occasion sp\u00e9ciale, nous vous proposons une cuisine espagnole authentique et g\u00e9n\u00e9reuse qui ravira vos invit\u00e9s.<\/p><p data-start=\"475\" data-end=\"752\">Nos <em data-start=\"479\" data-end=\"488\">pa\u00ebllas<\/em> savoureuses, pr\u00e9par\u00e9es avec des ingr\u00e9dients frais et de qualit\u00e9, sont servies en grande quantit\u00e9 pour satisfaire tous vos convives. Accompagn\u00e9es de tapas vari\u00e9s et gourmands, elles garantissent une exp\u00e9rience culinaire conviviale et pleine de saveurs.<\/p><h4 data-start=\"754\" data-end=\"792\"><strong data-start=\"754\" data-end=\"790\">Pourquoi choisir notre service ?<\/strong><\/h4><ul data-start=\"793\" data-end=\"1024\"><li data-start=\"793\" data-end=\"843\">Des plats traditionnels, pr\u00e9par\u00e9s avec passion<\/li><li data-start=\"844\" data-end=\"906\">Un service sur mesure pour des groupes de grande envergure<\/li><li data-start=\"907\" data-end=\"963\">Des options v\u00e9g\u00e9tariennes disponibles<\/li><li data-start=\"964\" data-end=\"1024\">Un service professionnel et flexible, adapt\u00e9 \u00e0 vos besoins<\/li><\/ul><p data-start=\"1026\" data-end=\"1113\">Faites-nous confiance pour transformer votre \u00e9v\u00e9nement en une v\u00e9ritable f\u00eate des sens !<\/p>\t\t\t\t\t\t\t\t<\/div>\n\t\t\t\t<\/div>\n\t\t\t\t<div class=\"elementor-element elementor-element-eb15a33 elementor-align-center elementor-widget elementor-widget-button\" data-id=\"eb15a33\" data-element_type=\"widget\" data-e-type=\"widget\" data-widget_type=\"button.default\">\n\t\t\t\t<div class=\"elementor-widget-container\">\n\t\t\t\t\t\t\t\t\t<div class=\"elementor-button-wrapper\">\n\t\t\t\t\t<a class=\"elementor-button elementor-button-link elementor-size-sm\" href=\"https:\/\/restoquebueno.be\/?page_id=111\">\n\t\t\t\t\t\t<span class=\"elementor-button-content-wrapper\">\n\t\t\t\t\t\t\t\t\t<span class=\"elementor-button-text\">Contactez-nous !<\/span>\n\t\t\t\t\t<\/span>\n\t\t\t\t\t<\/a>\n\t\t\t\t<\/div>\n\t\t\t\t\t\t\t\t<\/div>\n\t\t\t\t<\/div>\n\t\t\t\t\t<\/div>\n\t\t<\/div>\n\t\t\t\t\t<\/div>\n\t\t<\/section>\n\t\t\t\t<section class=\"elementor-section elementor-top-section elementor-element elementor-element-e098d84 elementor-section-boxed elementor-section-height-default elementor-section-height-default\" data-id=\"e098d84\" data-element_type=\"section\" data-e-type=\"section\">\n\t\t\t\t\t\t<div class=\"elementor-container elementor-column-gap-default\">\n\t\t\t\t\t<div class=\"elementor-column elementor-col-100 elementor-top-column elementor-element elementor-element-e13fa2f\" data-id=\"e13fa2f\" data-element_type=\"column\" data-e-type=\"column\">\n\t\t\t<div class=\"elementor-widget-wrap elementor-element-populated\">\n\t\t\t\t\t\t<div class=\"elementor-element elementor-element-d60784d elementor-widget elementor-widget-gallery\" data-id=\"d60784d\" data-element_type=\"widget\" data-e-type=\"widget\" data-settings=\"{&quot;lazyload&quot;:&quot;yes&quot;,&quot;gallery_layout&quot;:&quot;grid&quot;,&quot;columns&quot;:4,&quot;columns_tablet&quot;:2,&quot;columns_mobile&quot;:1,&quot;gap&quot;:{&quot;unit&quot;:&quot;px&quot;,&quot;size&quot;:10,&quot;sizes&quot;:[]},&quot;gap_tablet&quot;:{&quot;unit&quot;:&quot;px&quot;,&quot;size&quot;:10,&quot;sizes&quot;:[]},&quot;gap_mobile&quot;:{&quot;unit&quot;:&quot;px&quot;,&quot;size&quot;:10,&quot;sizes&quot;:[]},&quot;link_to&quot;:&quot;file&quot;,&quot;aspect_ratio&quot;:&quot;3:2&quot;,&quot;overlay_background&quot;:&quot;yes&quot;,&quot;content_hover_animation&quot;:&quot;fade-in&quot;}\" data-widget_type=\"gallery.default\">\n\t\t\t\t<div class=\"elementor-widget-container\">\n\t\t\t\t\t\t\t<div class=\"elementor-gallery__container\">\n\t\t\t\t\t\t\t<a class=\"e-gallery-item elementor-gallery-item elementor-animated-content\" href=\"https:\/\/restoquebueno.be\/wp-content\/uploads\/2025\/02\/384577661_2272899139568937_2886952853644351596_n_0-1.jpg\" data-elementor-open-lightbox=\"yes\" data-elementor-lightbox-slideshow=\"d60784d\" data-elementor-lightbox-title=\"384577661_2272899139568937_2886952853644351596_n_0\" data-e-action-hash=\"#elementor-action%3Aaction%3Dlightbox%26settings%3DeyJpZCI6MTI5NywidXJsIjoiaHR0cHM6XC9cL3Jlc3RvcXVlYnVlbm8uYmVcL3dwLWNvbnRlbnRcL3VwbG9hZHNcLzIwMjVcLzAyXC8zODQ1Nzc2NjFfMjI3Mjg5OTEzOTU2ODkzN18yODg2OTUyODUzNjQ0MzUxNTk2X25fMC0xLmpwZyIsInNsaWRlc2hvdyI6ImQ2MDc4NGQifQ%3D%3D\">\n\t\t\t\t\t<div class=\"e-gallery-image elementor-gallery-item__image\" data-thumbnail=\"https:\/\/restoquebueno.be\/wp-content\/uploads\/2025\/02\/384577661_2272899139568937_2886952853644351596_n_0-1-225x300.jpg\" data-width=\"225\" data-height=\"300\" aria-label=\"\" role=\"img\" ><\/div>\n\t\t\t\t\t\t\t\t\t\t\t<div class=\"elementor-gallery-item__overlay\"><\/div>\n\t\t\t\t\t\t\t\t\t\t\t\t\t\t<\/a>\n\t\t\t\t\t\t\t<a class=\"e-gallery-item elementor-gallery-item elementor-animated-content\" href=\"https:\/\/restoquebueno.be\/wp-content\/uploads\/2025\/02\/20190427_131047.jpg\" data-elementor-open-lightbox=\"yes\" data-elementor-lightbox-slideshow=\"d60784d\" data-elementor-lightbox-title=\"20190427_131047\" data-e-action-hash=\"#elementor-action%3Aaction%3Dlightbox%26settings%3DeyJpZCI6MTEyNiwidXJsIjoiaHR0cHM6XC9cL3Jlc3RvcXVlYnVlbm8uYmVcL3dwLWNvbnRlbnRcL3VwbG9hZHNcLzIwMjVcLzAyXC8yMDE5MDQyN18xMzEwNDcuanBnIiwic2xpZGVzaG93IjoiZDYwNzg0ZCJ9\">\n\t\t\t\t\t<div class=\"e-gallery-image elementor-gallery-item__image\" data-thumbnail=\"https:\/\/restoquebueno.be\/wp-content\/uploads\/2025\/02\/20190427_131047-225x300.jpg\" data-width=\"225\" data-height=\"300\" aria-label=\"\" role=\"img\" ><\/div>\n\t\t\t\t\t\t\t\t\t\t\t<div class=\"elementor-gallery-item__overlay\"><\/div>\n\t\t\t\t\t\t\t\t\t\t\t\t\t\t<\/a>\n\t\t\t\t\t\t\t<a class=\"e-gallery-item elementor-gallery-item elementor-animated-content\" href=\"https:\/\/restoquebueno.be\/wp-content\/uploads\/2025\/02\/b8453123-9a36-44cc-a987-ca33e65baa74.jpg\" data-elementor-open-lightbox=\"yes\" data-elementor-lightbox-slideshow=\"d60784d\" data-elementor-lightbox-title=\"b8453123-9a36-44cc-a987-ca33e65baa74\" data-e-action-hash=\"#elementor-action%3Aaction%3Dlightbox%26settings%3DeyJpZCI6OTIzLCJ1cmwiOiJodHRwczpcL1wvcmVzdG9xdWVidWVuby5iZVwvd3AtY29udGVudFwvdXBsb2Fkc1wvMjAyNVwvMDJcL2I4NDUzMTIzLTlhMzYtNDRjYy1hOTg3LWNhMzNlNjViYWE3NC5qcGciLCJzbGlkZXNob3ciOiJkNjA3ODRkIn0%3D\">\n\t\t\t\t\t<div class=\"e-gallery-image elementor-gallery-item__image\" data-thumbnail=\"https:\/\/restoquebueno.be\/wp-content\/uploads\/2025\/02\/b8453123-9a36-44cc-a987-ca33e65baa74-300x225.jpg\" data-width=\"300\" data-height=\"225\" aria-label=\"\" role=\"img\" ><\/div>\n\t\t\t\t\t\t\t\t\t\t\t<div class=\"elementor-gallery-item__overlay\"><\/div>\n\t\t\t\t\t\t\t\t\t\t\t\t\t\t<\/a>\n\t\t\t\t\t\t\t<a class=\"e-gallery-item elementor-gallery-item elementor-animated-content\" href=\"https:\/\/restoquebueno.be\/wp-content\/uploads\/2025\/02\/c2bcb8cf-f603-43a6-a4e5-5669906e892a.jpg\" data-elementor-open-lightbox=\"yes\" data-elementor-lightbox-slideshow=\"d60784d\" data-elementor-lightbox-title=\"c2bcb8cf-f603-43a6-a4e5-5669906e892a\" data-e-action-hash=\"#elementor-action%3Aaction%3Dlightbox%26settings%3DeyJpZCI6OTI0LCJ1cmwiOiJodHRwczpcL1wvcmVzdG9xdWVidWVuby5iZVwvd3AtY29udGVudFwvdXBsb2Fkc1wvMjAyNVwvMDJcL2MyYmNiOGNmLWY2MDMtNDNhNi1hNGU1LTU2Njk5MDZlODkyYS5qcGciLCJzbGlkZXNob3ciOiJkNjA3ODRkIn0%3D\">\n\t\t\t\t\t<div class=\"e-gallery-image elementor-gallery-item__image\" data-thumbnail=\"https:\/\/restoquebueno.be\/wp-content\/uploads\/2025\/02\/c2bcb8cf-f603-43a6-a4e5-5669906e892a-225x300.jpg\" data-width=\"225\" data-height=\"300\" aria-label=\"\" role=\"img\" ><\/div>\n\t\t\t\t\t\t\t\t\t\t\t<div class=\"elementor-gallery-item__overlay\"><\/div>\n\t\t\t\t\t\t\t\t\t\t\t\t\t\t<\/a>\n\t\t\t\t\t<\/div>\n\t\t\t\t\t<\/div>\n\t\t\t\t<\/div>\n\t\t\t\t\t<\/div>\n\t\t<\/div>\n\t\t\t\t\t<\/div>\n\t\t<\/section>\n\t\t\t\t<section class=\"elementor-section elementor-top-section elementor-element elementor-element-b3aafdf elementor-section-boxed elementor-section-height-default elementor-section-height-default\" data-id=\"b3aafdf\" data-element_type=\"section\" data-e-type=\"section\">\n\t\t\t\t\t\t<div class=\"elementor-container elementor-column-gap-default\">\n\t\t\t\t\t<div class=\"elementor-column elementor-col-100 elementor-top-column elementor-element elementor-element-c3c4c53\" data-id=\"c3c4c53\" data-element_type=\"column\" data-e-type=\"column\">\n\t\t\t<div class=\"elementor-widget-wrap\">\n\t\t\t\t\t\t\t<\/div>\n\t\t<\/div>\n\t\t\t\t\t<\/div>\n\t\t<\/section>\n\t\t\t\t<\/div>\n\t\t","protected":false},"excerpt":{"rendered":"<p>Service Traiteur Pa\u00eblla &amp; Tapas pour vos \u00c9v\u00e9nements Faites de votre \u00e9v\u00e9nement un moment inoubliable avec notre service traiteur sp\u00e9cialis\u00e9 en Paella et Tapas ! Que ce soit pour un mariage, une f\u00eate d&rsquo;entreprise, ou toute autre occasion sp\u00e9ciale, nous vous proposons une cuisine espagnole authentique et g\u00e9n\u00e9reuse qui ravira vos invit\u00e9s. Nos pa\u00ebllas savoureuses, [&hellip;]<\/p>\n","protected":false},"author":8,"featured_media":0,"parent":0,"menu_order":0,"comment_status":"closed","ping_status":"closed","template":"","meta":{"inline_featured_image":false,"footnotes":""},"class_list":["post-1235","page","type-page","status-publish","hentry"],"jetpack_sharing_enabled":true,"_links":{"self":[{"href":"https:\/\/restoquebueno.be\/index.php?rest_route=\/wp\/v2\/pages\/1235","targetHints":{"allow":["GET"]}}],"collection":[{"href":"https:\/\/restoquebueno.be\/index.php?rest_route=\/wp\/v2\/pages"}],"about":[{"href":"https:\/\/restoquebueno.be\/index.php?rest_route=\/wp\/v2\/types\/page"}],"author":[{"embeddable":true,"href":"https:\/\/restoquebueno.be\/index.php?rest_route=\/wp\/v2\/users\/8"}],"replies":[{"embeddable":true,"href":"https:\/\/restoquebueno.be\/index.php?rest_route=%2Fwp%2Fv2%2Fcomments&post=1235"}],"version-history":[{"count":18,"href":"https:\/\/restoquebueno.be\/index.php?rest_route=\/wp\/v2\/pages\/1235\/revisions"}],"predecessor-version":[{"id":1398,"href":"https:\/\/restoquebueno.be\/index.php?rest_route=\/wp\/v2\/pages\/1235\/revisions\/1398"}],"wp:attachment":[{"href":"https:\/\/restoquebueno.be\/index.php?rest_route=%2Fwp%2Fv2%2Fmedia&parent=1235"}],"curies":[{"name":"wp","href":"https:\/\/api.w.org\/{rel}","templated":true}]}}